{"id":13864,"date":"2025-03-14T10:33:04","date_gmt":"2025-03-14T09:33:04","guid":{"rendered":"https:\/\/zavepower.vendex4.se\/spapilot-demopage\/"},"modified":"2025-05-03T10:28:55","modified_gmt":"2025-05-03T08:28:55","slug":"spapilot-demopage","status":"publish","type":"page","link":"https:\/\/zavepower.vendex4.se\/de\/spapilot-demopage\/","title":{"rendered":"Spapilot Demopage"},"content":{"rendered":"\t\t<div data-elementor-type=\"wp-page\" data-elementor-id=\"13864\" class=\"elementor elementor-13864 elementor-13629\">\n\t\t\t\t\t\t<section class=\"wd-negative-gap elementor-section elementor-top-section elementor-element elementor-element-2418314 elementor-section-boxed elementor-section-height-default elementor-section-height-default\" data-id=\"2418314\" data-element_type=\"section\">\n\t\t\t\t\t\t<div class=\"elementor-container elementor-column-gap-default\">\n\t\t\t\t\t<div class=\"elementor-column elementor-col-100 elementor-top-column elementor-element elementor-element-ea615a3\" data-id=\"ea615a3\" data-element_type=\"column\">\n\t\t\t<div class=\"elementor-widget-wrap elementor-element-populated\">\n\t\t\t\t\t\t<div class=\"elementor-element elementor-element-1c097cc elementor-widget elementor-widget-wd_text_block\" data-id=\"1c097cc\" data-element_type=\"widget\" data-widget_type=\"wd_text_block.default\">\n\t\t\t\t<div class=\"elementor-widget-container\">\n\t\t\t\t\t\t\t<div class=\"wd-text-block reset-last-child text-left\">\n\t\t\t\n\t\t\t<h1>Entdecken Sie Spapilot&nbsp;<\/h1><h2>- Ihre intelligentere Wi-Fi-Steuerung f\u00fcr Outdoor-Spas<\/h2>\n\t\t\t\t\t<\/div>\n\t\t\t\t\t\t<\/div>\n\t\t\t\t<\/div>\n\t\t\t\t\t<\/div>\n\t\t<\/div>\n\t\t\t\t\t<\/div>\n\t\t<\/section>\n\t\t\t\t<section class=\"wd-negative-gap elementor-section elementor-top-section elementor-element elementor-element-5171027 elementor-section-boxed elementor-section-height-default elementor-section-height-default\" data-id=\"5171027\" data-element_type=\"section\">\n\t\t\t\t\t\t<div class=\"elementor-container elementor-column-gap-default\">\n\t\t\t\t\t<div class=\"elementor-column elementor-col-66 elementor-top-column elementor-element elementor-element-b483ecc\" data-id=\"b483ecc\" data-element_type=\"column\">\n\t\t\t<div class=\"elementor-widget-wrap elementor-element-populated\">\n\t\t\t\t\t\t<div class=\"elementor-element elementor-element-ca24a85 elementor-widget__width-initial elementor-widget elementor-widget-wd_text_block\" data-id=\"ca24a85\" data-element_type=\"widget\" data-widget_type=\"wd_text_block.default\">\n\t\t\t\t<div class=\"elementor-widget-container\">\n\t\t\t\t\t\t\t<div class=\"wd-text-block reset-last-child text-left\">\n\t\t\t\n\t\t\t<h2 class=\"mb-2 whitespace-pre-line last:mb-0\"><strong>Willkommen bei der interaktiven Demo von Spapilot!<\/strong><strong>  <\/strong><\/h2><p class=\"mb-2 whitespace-pre-line last:mb-0\">Stellen Sie sich vor, Sie h\u00e4tten die vollst\u00e4ndige Kontrolle \u00fcber den Energieverbrauch, die Temperatur und die Wartung Ihres Whirlpools - alles mit Ihren Fingerspitzen. Mit Spapilot k\u00f6nnen Sie Ihr Spa dank einer intuitiven App, die Ihr Leben vereinfacht, intelligenter und effizienter verwalten.<\/p><p class=\"mb-2 whitespace-pre-line last:mb-0\"><strong>Wie es funktioniert:<\/strong><\/p><ul><li>Klicken Sie sich in Ihrem eigenen Tempo durch die Demo. (Sie m\u00fcssen keine Anmeldedaten eingeben, klicken Sie einfach, um fortzufahren)<\/li><li>Passen Sie die Einstellungen an und erkunden Sie die Optimierungsm\u00f6glichkeiten.<\/li><li>Entdecken Sie die perfekte Balance aus Komfort und Energieeffizienz.<\/li><\/ul><p><strong>Anmerkung:<\/strong><\/p><p>Dies ist eine Demoversion mit eingeschr\u00e4nktem Funktionsumfang, da wir uns noch in der Entwicklung befinden und einige Funktionen noch nicht fertig sind.<\/p>\n\t\t\t\t\t<\/div>\n\t\t\t\t\t\t<\/div>\n\t\t\t\t<\/div>\n\t\t\t\t\t<\/div>\n\t\t<\/div>\n\t\t\t\t<div class=\"elementor-column elementor-col-33 elementor-top-column elementor-element elementor-element-b68ca51\" data-id=\"b68ca51\" data-element_type=\"column\">\n\t\t\t<div class=\"elementor-widget-wrap elementor-element-populated\">\n\t\t\t\t\t\t<div class=\"elementor-element elementor-element-ca427ca elementor-widget elementor-widget-html\" data-id=\"ca427ca\" data-element_type=\"widget\" data-widget_type=\"html.default\">\n\t\t\t\t\t<div id=\"iframe-container\"><\/div>\n<script>\n    var iframe = document.createElement(\"iframe\");\n    iframe.src = \"https:\/\/demo.dev9server.com\/zsa\/spa-pilot\/spapilot\/\";\n    iframe.style.width = \"100%\";\n    iframe.style.height = \"100vh\";\n    iframe.style.border = \"none\";\n    document.getElementById(\"iframe-container\").appendChild(iframe);\n<\/script>\t\t\t\t<\/div>\n\t\t\t\t\t<\/div>\n\t\t<\/div>\n\t\t\t\t\t<\/div>\n\t\t<\/section>\n\t\t\t\t<section class=\"elementor-section elementor-top-section elementor-element elementor-element-961c331 elementor-section-boxed elementor-section-height-default elementor-section-height-default\" data-id=\"961c331\" data-element_type=\"section\">\n\t\t\t\t\t\t<div class=\"elementor-container elementor-column-gap-default\">\n\t\t\t\t\t<div class=\"elementor-column elementor-col-100 elementor-top-column elementor-element elementor-element-da089e9\" data-id=\"da089e9\" data-element_type=\"column\">\n\t\t\t<div class=\"elementor-widget-wrap\">\n\t\t\t\t\t\t\t<\/div>\n\t\t<\/div>\n\t\t\t\t\t<\/div>\n\t\t<\/section>\n\t\t\t\t<\/div>\n\t\t","protected":false},"excerpt":{"rendered":"<p>Entdecken Sie Spapilot&nbsp; &#8211; Ihre intelligentere Wi-Fi-Steuerung f\u00fcr Outdoor-Spas Willkommen bei der interaktiven Demo von Spapilot! Stellen Sie sich vor,<\/p>\n","protected":false},"author":42,"featured_media":13867,"parent":0,"menu_order":0,"comment_status":"closed","ping_status":"closed","template":"","meta":{"footnotes":""},"class_list":["post-13864","page","type-page","status-publish","has-post-thumbnail","hentry"],"yoast_head":"<!-- This site is optimized with the Yoast SEO plugin v25.5 - https:\/\/yoast.com\/wordpress\/plugins\/seo\/ -->\n<title>Testen Sie die Spapilot-App auf unserer Website - Zavepower AB<\/title>\n<meta name=\"description\" content=\"Spapilot ist nicht nur ein Produkt, es ist ein Wendepunkt f\u00fcr Spa-Besitzer. Entdecken Sie, wie Spapilot das Spa-Management vereinfacht und Ihnen Zeit, Energie und Geld spart.\" \/>\n<meta name=\"robots\" content=\"noindex, follow, max-snippet:-1, max-image-preview:large, max-video-preview:-1\" \/>\n<meta property=\"og:locale\" content=\"de_DE\" \/>\n<meta property=\"og:type\" content=\"article\" \/>\n<meta property=\"og:title\" content=\"Testen Sie die Zukunft des Outdoor Spa Managements\" \/>\n<meta property=\"og:description\" content=\"Spapilot ist nicht nur ein Produkt, es ist ein Wendepunkt f\u00fcr Spa-Besitzer. Stellen Sie sich vor: Intelligentes Energiemanagement, das die Heizkosten um bis zu 80 % senkt, m\u00fchelose Automatisierung mit unserer Autopilot-Funktion, Echtzeit-\u00dcberwachung und -Steuerung auf KnopfdruckSein Sie unter den Ersten, die entdecken, wie Spapilot das Spa-Management vereinfacht und Ihnen Zeit, Energie und Geld spart.\" \/>\n<meta property=\"og:url\" content=\"https:\/\/zavepower.vendex4.se\/de\/spapilot-demopage\/\" \/>\n<meta property=\"og:site_name\" content=\"Zavepower AB\" \/>\n<meta property=\"article:publisher\" content=\"https:\/\/www.facebook.com\/ZavepowerAB\" \/>\n<meta property=\"article:modified_time\" content=\"2025-05-03T08:28:55+00:00\" \/>\n<meta property=\"og:image\" content=\"https:\/\/zavepower.vendex4.se\/wp-content\/uploads\/2024\/11\/20.webp\" \/>\n\t<meta property=\"og:image:width\" content=\"1080\" \/>\n\t<meta property=\"og:image:height\" content=\"1080\" \/>\n\t<meta property=\"og:image:type\" content=\"image\/webp\" \/>\n<meta name=\"twitter:card\" content=\"summary_large_image\" \/>\n<meta name=\"twitter:title\" content=\"Testen Sie die Zukunft des Outdoor Spa Managements\" \/>\n<meta name=\"twitter:description\" content=\"Spapilot ist nicht nur ein Produkt, es ist ein Wendepunkt f\u00fcr Spa-Besitzer. Stellen Sie sich vor: Intelligentes Energiemanagement, das die Heizkosten um bis zu 80 % senkt, m\u00fchelose Automatisierung mit unserer Autopilot-Funktion, Echtzeit-\u00dcberwachung und -Steuerung auf KnopfdruckSein Sie unter den Ersten, die entdecken, wie Spapilot das Spa-Management vereinfacht und Ihnen Zeit, Energie und Geld spart.\" \/>\n<meta name=\"twitter:label1\" content=\"Gesch\u00e4tzte Lesezeit\" \/>\n\t<meta name=\"twitter:data1\" content=\"1\u00a0Minute\" \/>\n<script type=\"application\/ld+json\" class=\"yoast-schema-graph\">{\"@context\":\"https:\/\/schema.org\",\"@graph\":[{\"@type\":\"WebPage\",\"@id\":\"https:\/\/zavepower.vendex4.se\/de\/spapilot-demopage\/\",\"url\":\"https:\/\/zavepower.vendex4.se\/de\/spapilot-demopage\/\",\"name\":\"Testen Sie die Spapilot-App auf unserer Website - Zavepower AB\",\"isPartOf\":{\"@id\":\"https:\/\/zavepower.vendex4.se\/de\/#website\"},\"primaryImageOfPage\":{\"@id\":\"https:\/\/zavepower.vendex4.se\/de\/spapilot-demopage\/#primaryimage\"},\"image\":{\"@id\":\"https:\/\/zavepower.vendex4.se\/de\/spapilot-demopage\/#primaryimage\"},\"thumbnailUrl\":\"https:\/\/zavepower.vendex4.se\/wp-content\/uploads\/2024\/11\/20.webp\",\"datePublished\":\"2025-03-14T09:33:04+00:00\",\"dateModified\":\"2025-05-03T08:28:55+00:00\",\"description\":\"Spapilot ist nicht nur ein Produkt, es ist ein Wendepunkt f\u00fcr Spa-Besitzer. Entdecken Sie, wie Spapilot das Spa-Management vereinfacht und Ihnen Zeit, Energie und Geld spart.\",\"breadcrumb\":{\"@id\":\"https:\/\/zavepower.vendex4.se\/de\/spapilot-demopage\/#breadcrumb\"},\"inLanguage\":\"de\",\"potentialAction\":[{\"@type\":\"ReadAction\",\"target\":[\"https:\/\/zavepower.vendex4.se\/de\/spapilot-demopage\/\"]}]},{\"@type\":\"ImageObject\",\"inLanguage\":\"de\",\"@id\":\"https:\/\/zavepower.vendex4.se\/de\/spapilot-demopage\/#primaryimage\",\"url\":\"https:\/\/zavepower.vendex4.se\/wp-content\/uploads\/2024\/11\/20.webp\",\"contentUrl\":\"https:\/\/zavepower.vendex4.se\/wp-content\/uploads\/2024\/11\/20.webp\",\"width\":1080,\"height\":1080,\"caption\":\"Intelligentes Spa-Management auf Knopfdruck - Kontrollieren Sie Kosten, Wartung und Planung mit der benutzerfreundlichen Oberfl\u00e4che von Spapilot\"},{\"@type\":\"BreadcrumbList\",\"@id\":\"https:\/\/zavepower.vendex4.se\/de\/spapilot-demopage\/#breadcrumb\",\"itemListElement\":[{\"@type\":\"ListItem\",\"position\":1,\"name\":\"Hem\",\"item\":\"https:\/\/zavepower.vendex4.se\/de\/willkommen-bei-zavepower-2\/\"},{\"@type\":\"ListItem\",\"position\":2,\"name\":\"Spapilot Demopage\"}]},{\"@type\":\"WebSite\",\"@id\":\"https:\/\/zavepower.vendex4.se\/de\/#website\",\"url\":\"https:\/\/zavepower.vendex4.se\/de\/\",\"name\":\"Zavepower Innovative Technology AB\",\"description\":\"Bringing intelligence, ease, and sustainability to every spa\",\"publisher\":{\"@id\":\"https:\/\/zavepower.vendex4.se\/de\/#organization\"},\"alternateName\":\"Zavepower Innovative Tech\",\"potentialAction\":[{\"@type\":\"SearchAction\",\"target\":{\"@type\":\"EntryPoint\",\"urlTemplate\":\"https:\/\/zavepower.vendex4.se\/de\/?s={search_term_string}\"},\"query-input\":{\"@type\":\"PropertyValueSpecification\",\"valueRequired\":true,\"valueName\":\"search_term_string\"}}],\"inLanguage\":\"de\"},{\"@type\":\"Organization\",\"@id\":\"https:\/\/zavepower.vendex4.se\/de\/#organization\",\"name\":\"Zavepower Innovative Technology AB\",\"alternateName\":\"Zavepower Innovative Tech\",\"url\":\"https:\/\/zavepower.vendex4.se\/de\/\",\"logo\":{\"@type\":\"ImageObject\",\"inLanguage\":\"de\",\"@id\":\"https:\/\/zavepower.vendex4.se\/de\/#\/schema\/logo\/image\/\",\"url\":\"https:\/\/zavepower.vendex4.se\/wp-content\/uploads\/2024\/12\/9piolkj.png\",\"contentUrl\":\"https:\/\/zavepower.vendex4.se\/wp-content\/uploads\/2024\/12\/9piolkj.png\",\"width\":2790,\"height\":930,\"caption\":\"Zavepower Innovative Technology AB\"},\"image\":{\"@id\":\"https:\/\/zavepower.vendex4.se\/de\/#\/schema\/logo\/image\/\"},\"sameAs\":[\"https:\/\/www.facebook.com\/ZavepowerAB\",\"https:\/\/www.instagram.com\/zavepower\/\"]}]}<\/script>\n<!-- \/ Yoast SEO plugin. -->","yoast_head_json":{"title":"Testen Sie die Spapilot-App auf unserer Website - Zavepower AB","description":"Spapilot ist nicht nur ein Produkt, es ist ein Wendepunkt f\u00fcr Spa-Besitzer. Entdecken Sie, wie Spapilot das Spa-Management vereinfacht und Ihnen Zeit, Energie und Geld spart.","robots":{"index":"noindex","follow":"follow","max-snippet":"max-snippet:-1","max-image-preview":"max-image-preview:large","max-video-preview":"max-video-preview:-1"},"og_locale":"de_DE","og_type":"article","og_title":"Testen Sie die Zukunft des Outdoor Spa Managements","og_description":"Spapilot ist nicht nur ein Produkt, es ist ein Wendepunkt f\u00fcr Spa-Besitzer. Stellen Sie sich vor: Intelligentes Energiemanagement, das die Heizkosten um bis zu 80 % senkt, m\u00fchelose Automatisierung mit unserer Autopilot-Funktion, Echtzeit-\u00dcberwachung und -Steuerung auf KnopfdruckSein Sie unter den Ersten, die entdecken, wie Spapilot das Spa-Management vereinfacht und Ihnen Zeit, Energie und Geld spart.","og_url":"https:\/\/zavepower.vendex4.se\/de\/spapilot-demopage\/","og_site_name":"Zavepower AB","article_publisher":"https:\/\/www.facebook.com\/ZavepowerAB","article_modified_time":"2025-05-03T08:28:55+00:00","og_image":[{"width":1080,"height":1080,"url":"https:\/\/zavepower.vendex4.se\/wp-content\/uploads\/2024\/11\/20.webp","type":"image\/webp"}],"twitter_card":"summary_large_image","twitter_title":"Testen Sie die Zukunft des Outdoor Spa Managements","twitter_description":"Spapilot ist nicht nur ein Produkt, es ist ein Wendepunkt f\u00fcr Spa-Besitzer. Stellen Sie sich vor: Intelligentes Energiemanagement, das die Heizkosten um bis zu 80 % senkt, m\u00fchelose Automatisierung mit unserer Autopilot-Funktion, Echtzeit-\u00dcberwachung und -Steuerung auf KnopfdruckSein Sie unter den Ersten, die entdecken, wie Spapilot das Spa-Management vereinfacht und Ihnen Zeit, Energie und Geld spart.","twitter_misc":{"Gesch\u00e4tzte Lesezeit":"1\u00a0Minute"},"schema":{"@context":"https:\/\/schema.org","@graph":[{"@type":"WebPage","@id":"https:\/\/zavepower.vendex4.se\/de\/spapilot-demopage\/","url":"https:\/\/zavepower.vendex4.se\/de\/spapilot-demopage\/","name":"Testen Sie die Spapilot-App auf unserer Website - Zavepower AB","isPartOf":{"@id":"https:\/\/zavepower.vendex4.se\/de\/#website"},"primaryImageOfPage":{"@id":"https:\/\/zavepower.vendex4.se\/de\/spapilot-demopage\/#primaryimage"},"image":{"@id":"https:\/\/zavepower.vendex4.se\/de\/spapilot-demopage\/#primaryimage"},"thumbnailUrl":"https:\/\/zavepower.vendex4.se\/wp-content\/uploads\/2024\/11\/20.webp","datePublished":"2025-03-14T09:33:04+00:00","dateModified":"2025-05-03T08:28:55+00:00","description":"Spapilot ist nicht nur ein Produkt, es ist ein Wendepunkt f\u00fcr Spa-Besitzer. Entdecken Sie, wie Spapilot das Spa-Management vereinfacht und Ihnen Zeit, Energie und Geld spart.","breadcrumb":{"@id":"https:\/\/zavepower.vendex4.se\/de\/spapilot-demopage\/#breadcrumb"},"inLanguage":"de","potentialAction":[{"@type":"ReadAction","target":["https:\/\/zavepower.vendex4.se\/de\/spapilot-demopage\/"]}]},{"@type":"ImageObject","inLanguage":"de","@id":"https:\/\/zavepower.vendex4.se\/de\/spapilot-demopage\/#primaryimage","url":"https:\/\/zavepower.vendex4.se\/wp-content\/uploads\/2024\/11\/20.webp","contentUrl":"https:\/\/zavepower.vendex4.se\/wp-content\/uploads\/2024\/11\/20.webp","width":1080,"height":1080,"caption":"Intelligentes Spa-Management auf Knopfdruck - Kontrollieren Sie Kosten, Wartung und Planung mit der benutzerfreundlichen Oberfl\u00e4che von Spapilot"},{"@type":"BreadcrumbList","@id":"https:\/\/zavepower.vendex4.se\/de\/spapilot-demopage\/#breadcrumb","itemListElement":[{"@type":"ListItem","position":1,"name":"Hem","item":"https:\/\/zavepower.vendex4.se\/de\/willkommen-bei-zavepower-2\/"},{"@type":"ListItem","position":2,"name":"Spapilot Demopage"}]},{"@type":"WebSite","@id":"https:\/\/zavepower.vendex4.se\/de\/#website","url":"https:\/\/zavepower.vendex4.se\/de\/","name":"Zavepower Innovative Technology AB","description":"Bringing intelligence, ease, and sustainability to every spa","publisher":{"@id":"https:\/\/zavepower.vendex4.se\/de\/#organization"},"alternateName":"Zavepower Innovative Tech","potentialAction":[{"@type":"SearchAction","target":{"@type":"EntryPoint","urlTemplate":"https:\/\/zavepower.vendex4.se\/de\/?s={search_term_string}"},"query-input":{"@type":"PropertyValueSpecification","valueRequired":true,"valueName":"search_term_string"}}],"inLanguage":"de"},{"@type":"Organization","@id":"https:\/\/zavepower.vendex4.se\/de\/#organization","name":"Zavepower Innovative Technology AB","alternateName":"Zavepower Innovative Tech","url":"https:\/\/zavepower.vendex4.se\/de\/","logo":{"@type":"ImageObject","inLanguage":"de","@id":"https:\/\/zavepower.vendex4.se\/de\/#\/schema\/logo\/image\/","url":"https:\/\/zavepower.vendex4.se\/wp-content\/uploads\/2024\/12\/9piolkj.png","contentUrl":"https:\/\/zavepower.vendex4.se\/wp-content\/uploads\/2024\/12\/9piolkj.png","width":2790,"height":930,"caption":"Zavepower Innovative Technology AB"},"image":{"@id":"https:\/\/zavepower.vendex4.se\/de\/#\/schema\/logo\/image\/"},"sameAs":["https:\/\/www.facebook.com\/ZavepowerAB","https:\/\/www.instagram.com\/zavepower\/"]}]}},"_links":{"self":[{"href":"https:\/\/zavepower.vendex4.se\/de\/wp-json\/wp\/v2\/pages\/13864","targetHints":{"allow":["GET"]}}],"collection":[{"href":"https:\/\/zavepower.vendex4.se\/de\/wp-json\/wp\/v2\/pages"}],"about":[{"href":"https:\/\/zavepower.vendex4.se\/de\/wp-json\/wp\/v2\/types\/page"}],"author":[{"embeddable":true,"href":"https:\/\/zavepower.vendex4.se\/de\/wp-json\/wp\/v2\/users\/42"}],"replies":[{"embeddable":true,"href":"https:\/\/zavepower.vendex4.se\/de\/wp-json\/wp\/v2\/comments?post=13864"}],"version-history":[{"count":0,"href":"https:\/\/zavepower.vendex4.se\/de\/wp-json\/wp\/v2\/pages\/13864\/revisions"}],"wp:featuredmedia":[{"embeddable":true,"href":"https:\/\/zavepower.vendex4.se\/de\/wp-json\/wp\/v2\/media\/13867"}],"wp:attachment":[{"href":"https:\/\/zavepower.vendex4.se\/de\/wp-json\/wp\/v2\/media?parent=13864"}],"curies":[{"name":"wp","href":"https:\/\/api.w.org\/{rel}","templated":true}]}}