{"id":15321,"date":"2024-11-18T16:20:43","date_gmt":"2024-11-18T15:20:43","guid":{"rendered":"https:\/\/zavepower.vendex4.se\/produkt\/spapilot\/"},"modified":"2025-07-04T11:23:30","modified_gmt":"2025-07-04T09:23:30","slug":"spapilot","status":"publish","type":"product","link":"https:\/\/zavepower.vendex4.se\/de\/produkt\/spapilot\/","title":{"rendered":"Spapilot"},"content":{"rendered":"\t\t<div data-elementor-type=\"wp-post\" data-elementor-id=\"15321\" class=\"elementor elementor-15321 elementor-12655\">\n\t\t\t\t\t\t<section class=\"wd-negative-gap elementor-section elementor-top-section elementor-element elementor-element-3e5c4ed elementor-section-boxed elementor-section-height-default elementor-section-height-default\" data-id=\"3e5c4ed\" data-element_type=\"section\">\n\t\t\t\t\t\t<div class=\"elementor-container elementor-column-gap-default\">\n\t\t\t\t\t<div class=\"elementor-column elementor-col-100 elementor-top-column elementor-element elementor-element-4f18d044\" data-id=\"4f18d044\" data-element_type=\"column\">\n\t\t\t<div class=\"elementor-widget-wrap elementor-element-populated\">\n\t\t\t\t\t\t<div class=\"elementor-element elementor-element-7793518b color-scheme-inherit text-left elementor-widget elementor-widget-text-editor\" data-id=\"7793518b\" data-element_type=\"widget\" data-widget_type=\"text-editor.default\">\n\t\t\t\t\t\t\t\t\t<h1>Spapilot &#8211; Wi-Fi-Fernbedienung &amp; Smart Spa Automation<\/h1><h2><span style=\"font-family: Montserrat; font-size: 30px; font-style: normal; font-variant-caps: normal; white-space: pre-wrap; text-align: var(--text-align);\">Spapilot wird die Art und Weise, wie Sie Ihr Spa genie\u00dfen, revolutionieren, und die Installation dauert nur 20 Minuten!<\/span><\/h2><p class=\"mb-2 whitespace-pre-line last:mb-0\">Spapilot ist die Nr. 1 in Sachen Innovation und die einzige Wi-Fi-Komplettl\u00f6sung auf dem Markt, die das Whirlpool-Management wirklich neu definiert. Mit Spapilot haben Sie dank der fortschrittlichen Wi-Fi-Fernbedienung und der intelligenten Automatisierungsfunktionen von \u00fcberall aus die volle Kontrolle \u00fcber Ihren Whirlpool. <\/p><p class=\"mb-2 whitespace-pre-line last:mb-0\">Mit Spapilot k\u00f6nnen Sie die Temperatur ganz einfach anpassen, die Heizung planen und die Energiekosten direkt von Ihrem Smartphone aus \u00fcberwachen &#8211; egal ob Sie zu Hause oder unterwegs sind. Unsere Wi-Fi-L\u00f6sung erm\u00f6glicht es Ihnen, die Heizung aus der Ferne zu starten oder zu stoppen. Das gibt Ihnen maximale Flexibilit\u00e4t und hilft Ihnen, Ihre Energiekosten um bis zu 80% zu senken. <\/p><p class=\"mb-2 whitespace-pre-line last:mb-0\">Im Gegensatz zu anderen Produkten auf dem Markt ist Spapilot auf Einfachheit ausgelegt &#8211; technische Erfahrung ist nicht erforderlich. Die benutzerfreundliche App bietet Ihnen Echtzeitdaten, Benachrichtigungen und die M\u00f6glichkeit, die Nutzung Ihres Whirlpools intelligenter zu planen. <\/p><p class=\"mb-2 whitespace-pre-line last:mb-0\">Wir haben Spapilot entwickelt, um Bed\u00fcrfnisse zu erf\u00fcllen, die die gro\u00dfen Hersteller noch gar nicht bemerkt haben. Durch die Kombination von Innovation, Benutzerfreundlichkeit und intelligenter Wi-Fi-Technologie setzen wir einen neuen Standard f\u00fcr das Spa-Management in Europa. <\/p><p class=\"mb-2 whitespace-pre-line last:mb-0\"><strong>Erleben Sie die Zukunft des Whirlpool-Managements &#8211; entscheiden Sie sich f\u00fcr Spapilot und \u00fcbernehmen Sie die Kontrolle \u00fcber Ihren Whirlpool mit Wi-Fi-Fernbedienung und intelligenter Automatisierung.<\/strong><\/p><p><strong>Wichtige Informationen<\/strong><\/p><p><strong>Balboa BP Systems wird zuerst im Mai und die Gecko-Version im Juni\/Juli ver\u00f6ffentlicht.<\/strong><\/p>\t\t\t\t\t\t\t\t<\/div>\n\t\t\t\t\t<\/div>\n\t\t<\/div>\n\t\t\t\t\t<\/div>\n\t\t<\/section>\n\t\t\t\t<section class=\"wd-negative-gap elementor-section elementor-top-section elementor-element elementor-element-ceff886 elementor-section-boxed elementor-section-height-default elementor-section-height-default\" data-id=\"ceff886\" data-element_type=\"section\">\n\t\t\t\t\t\t<div class=\"elementor-container elementor-column-gap-default\">\n\t\t\t\t\t<div class=\"elementor-column elementor-col-100 elementor-top-column elementor-element elementor-element-45399de\" data-id=\"45399de\" data-element_type=\"column\">\n\t\t\t<div class=\"elementor-widget-wrap\">\n\t\t\t\t\t\t\t<\/div>\n\t\t<\/div>\n\t\t\t\t\t<\/div>\n\t\t<\/section>\n\t\t\t\t<section class=\"wd-negative-gap elementor-section elementor-top-section elementor-element elementor-element-e606b0b elementor-section-boxed elementor-section-height-default elementor-section-height-default\" data-id=\"e606b0b\" data-element_type=\"section\">\n\t\t\t\t\t\t<div class=\"elementor-container elementor-column-gap-default\">\n\t\t\t\t\t<div class=\"elementor-column elementor-col-100 elementor-top-column elementor-element elementor-element-79bde2b\" data-id=\"79bde2b\" data-element_type=\"column\">\n\t\t\t<div class=\"elementor-widget-wrap elementor-element-populated\">\n\t\t\t\t\t\t<div class=\"elementor-element elementor-element-3a5f311 elementor-widget elementor-widget-wd_text_block\" data-id=\"3a5f311\" data-element_type=\"widget\" data-widget_type=\"wd_text_block.default\">\n\t\t\t\t<div class=\"elementor-widget-container\">\n\t\t\t\t\t\t\t<div class=\"wd-text-block reset-last-child text-left\">\n\t\t\t\n\t\t\t<p> <strong>(Bitte beachten Sie:<\/strong> Zavepower hat keine kommerzielle Partnerschaft mit Balboa Water Group oder Gecko Alliance. Jegliche Erw\u00e4hnung der Balboa BP-Serie oder der Gecko YE 3 und 5 dient lediglich der Kl\u00e4rung der technischen Kompatibilit\u00e4t). <\/p>\n\t\t\t\t\t<\/div>\n\t\t\t\t\t\t<\/div>\n\t\t\t\t<\/div>\n\t\t\t\t\t<\/div>\n\t\t<\/div>\n\t\t\t\t\t<\/div>\n\t\t<\/section>\n\t\t\t\t<\/div>\n\t\t","protected":false},"excerpt":{"rendered":"<p class=\"mb-2 whitespace-pre-line last:mb-0\">Spapilot ist die Nr. 1 in Sachen Innovation und die einzige Wi-Fi-Komplettl\u00f6sung auf dem Markt, die das Whirlpool-Management wirklich neu definiert. Mit Spapilot haben Sie dank der fortschrittlichen Wi-Fi-Fernbedienung und der intelligenten Automatisierungsfunktionen von \u00fcberall aus die volle Kontrolle \u00fcber Ihren Whirlpool. <\/p>\n<p class=\"mb-2 whitespace-pre-line last:mb-0\">Mit Spapilot k\u00f6nnen Sie die Temperatur ganz einfach anpassen, die Heizung planen und die Energiekosten direkt von Ihrem Smartphone aus \u00fcberwachen &#8211; egal ob Sie zu Hause oder unterwegs sind. Unsere Wi-Fi-L\u00f6sung erm\u00f6glicht es Ihnen, die Heizung aus der Ferne zu starten oder zu stoppen. Das gibt Ihnen maximale Flexibilit\u00e4t und hilft Ihnen, Ihre Energiekosten um bis zu 80% zu senken. <em>Lesen Sie mehr \u00fcber energieeffizientes Whirlpool-Management beim <a href=\"https:\/\/www.energysavingtrust.org.uk\/\" target=\"_blank\" rel=\"noopener noreferrer\">Energy Saving Trust<\/a>.<\/em> <\/p>\n<p class=\"mb-2 whitespace-pre-line last:mb-0\">Im Gegensatz zu anderen Produkten auf dem Markt ist Spapilot auf Einfachheit ausgelegt &#8211; technische Erfahrung ist nicht erforderlich. Die benutzerfreundliche App liefert Ihnen Echtzeitdaten, Benachrichtigungen und die M\u00f6glichkeit, die Nutzung Ihres Whirlpools intelligenter zu planen. <\/p>\n<p class=\"mb-2 whitespace-pre-line last:mb-0\">Wir haben Spapilot entwickelt, um Bed\u00fcrfnisse zu erf\u00fcllen, die die gro\u00dfen Hersteller noch gar nicht bemerkt haben. Durch die Kombination von Innovation, Benutzerfreundlichkeit und intelligenter Wi-Fi-Technologie setzen wir einen neuen Standard f\u00fcr das Spa-Management in Europa. <\/p>\n<p class=\"mb-2 whitespace-pre-line last:mb-0\"><strong>Erleben Sie die Zukunft des Whirlpool-Managements &#8211; entscheiden Sie sich f\u00fcr Spapilot und \u00fcbernehmen Sie die Kontrolle \u00fcber Ihren Whirlpool mit Wi-Fi-Fernbedienung und intelligenter Automatisierung.<\/strong><\/p>\n<p>&nbsp;<\/p>\n<p><strong>(Bitte beachten Sie:<\/strong> Zavepower hat keine kommerzielle Partnerschaft mit Balboa Water Group oder Gecko. Jegliche Erw\u00e4hnung der Balboa BP-Serie oder der Gecko YE 3 und 5 dient lediglich der Kl\u00e4rung der technischen Kompatibilit\u00e4t). <\/p>\n","protected":false},"featured_media":15557,"comment_status":"open","ping_status":"closed","template":"","meta":[],"product_brand":[126],"product_cat":[174],"product_tag":[176,177],"class_list":{"0":"post-15321","1":"product","2":"type-product","3":"status-publish","4":"has-post-thumbnail","6":"product_brand-zavepower-innovative-technology","7":"product_cat-produkte","8":"product_tag-outdoor-spa-de","9":"product_tag-pool-de","10":"product_shipping_class-standard-freight","12":"first","13":"instock","14":"taxable","15":"shipping-taxable","16":"purchasable","17":"product-type-variable"},"yoast_head":"<!-- This site is optimized with the Yoast SEO plugin v25.5 - https:\/\/yoast.com\/wordpress\/plugins\/seo\/ -->\n<title>Spapilot - Wi-Fi-Fernbedienung &amp; Smart Spa Automation.<\/title>\n<meta name=\"description\" content=\"Spapilot - Wi-Fi-Fernbedienung &amp; Smart Spa Automation. Spapilot ist die Nr. 1 in Sachen Innovation und die einzige Wi-Fi-Gesamtl\u00f6sung.\" \/>\n<meta name=\"robots\" content=\"noindex, follow, max-snippet:-1, max-image-preview:large, max-video-preview:-1\" \/>\n<meta property=\"og:locale\" content=\"de_DE\" \/>\n<meta property=\"og:type\" content=\"article\" \/>\n<meta property=\"og:title\" content=\"Spapilot - Wi-Fi-Fernbedienung &amp; Smart Spa Automation.\" \/>\n<meta property=\"og:description\" content=\"Spapilot - Wi-Fi-Fernbedienung &amp; Smart Spa Automation. Spapilot ist die Nr. 1 in Sachen Innovation und die einzige Wi-Fi-Gesamtl\u00f6sung.\" \/>\n<meta property=\"og:url\" content=\"https:\/\/zavepower.vendex4.se\/de\/produkt\/spapilot\/\" \/>\n<meta property=\"og:site_name\" content=\"Zavepower AB\" \/>\n<meta property=\"article:publisher\" content=\"https:\/\/www.facebook.com\/ZavepowerAB\" \/>\n<meta property=\"article:modified_time\" content=\"2025-07-04T09:23:30+00:00\" \/>\n<meta property=\"og:image\" content=\"https:\/\/zavepower.vendex4.se\/wp-content\/uploads\/2024\/11\/for-outdoor-spa-1.png\" \/>\n\t<meta property=\"og:image:width\" content=\"1920\" \/>\n\t<meta property=\"og:image:height\" content=\"1080\" \/>\n\t<meta property=\"og:image:type\" content=\"image\/png\" \/>\n<meta name=\"twitter:card\" content=\"summary_large_image\" \/>\n<meta name=\"twitter:label1\" content=\"Gesch\u00e4tzte Lesezeit\" \/>\n\t<meta name=\"twitter:data1\" content=\"1\u00a0Minute\" \/>\n<script type=\"application\/ld+json\" class=\"yoast-schema-graph\">{\"@context\":\"https:\/\/schema.org\",\"@graph\":[{\"@type\":\"WebPage\",\"@id\":\"https:\/\/zavepower.vendex4.se\/de\/produkt\/spapilot\/\",\"url\":\"https:\/\/zavepower.vendex4.se\/de\/produkt\/spapilot\/\",\"name\":\"Spapilot - Wi-Fi-Fernbedienung & Smart Spa Automation.\",\"isPartOf\":{\"@id\":\"https:\/\/zavepower.vendex4.se\/de\/#website\"},\"primaryImageOfPage\":{\"@id\":\"https:\/\/zavepower.vendex4.se\/de\/produkt\/spapilot\/#primaryimage\"},\"image\":{\"@id\":\"https:\/\/zavepower.vendex4.se\/de\/produkt\/spapilot\/#primaryimage\"},\"thumbnailUrl\":\"https:\/\/zavepower.vendex4.se\/wp-content\/uploads\/2024\/11\/for-outdoor-spa-1.png\",\"datePublished\":\"2024-11-18T15:20:43+00:00\",\"dateModified\":\"2025-07-04T09:23:30+00:00\",\"description\":\"Spapilot - Wi-Fi-Fernbedienung & Smart Spa Automation. Spapilot ist die Nr. 1 in Sachen Innovation und die einzige Wi-Fi-Gesamtl\u00f6sung.\",\"breadcrumb\":{\"@id\":\"https:\/\/zavepower.vendex4.se\/de\/produkt\/spapilot\/#breadcrumb\"},\"inLanguage\":\"de\",\"potentialAction\":[{\"@type\":\"ReadAction\",\"target\":[\"https:\/\/zavepower.vendex4.se\/de\/produkt\/spapilot\/\"]}]},{\"@type\":\"ImageObject\",\"inLanguage\":\"de\",\"@id\":\"https:\/\/zavepower.vendex4.se\/de\/produkt\/spapilot\/#primaryimage\",\"url\":\"https:\/\/zavepower.vendex4.se\/wp-content\/uploads\/2024\/11\/for-outdoor-spa-1.png\",\"contentUrl\":\"https:\/\/zavepower.vendex4.se\/wp-content\/uploads\/2024\/11\/for-outdoor-spa-1.png\",\"width\":1920,\"height\":1080},{\"@type\":\"BreadcrumbList\",\"@id\":\"https:\/\/zavepower.vendex4.se\/de\/produkt\/spapilot\/#breadcrumb\",\"itemListElement\":[{\"@type\":\"ListItem\",\"position\":1,\"name\":\"Hem\",\"item\":\"https:\/\/zavepower.vendex4.se\/de\/willkommen-bei-zavepower-2\/\"},{\"@type\":\"ListItem\",\"position\":2,\"name\":\"Shop\",\"item\":\"https:\/\/zavepower.vendex4.se\/de\/shop-2\/\"},{\"@type\":\"ListItem\",\"position\":3,\"name\":\"Spapilot\"}]},{\"@type\":\"WebSite\",\"@id\":\"https:\/\/zavepower.vendex4.se\/de\/#website\",\"url\":\"https:\/\/zavepower.vendex4.se\/de\/\",\"name\":\"Zavepower Innovative Technology AB\",\"description\":\"Bringing intelligence, ease, and sustainability to every spa\",\"publisher\":{\"@id\":\"https:\/\/zavepower.vendex4.se\/de\/#organization\"},\"alternateName\":\"Zavepower Innovative Tech\",\"potentialAction\":[{\"@type\":\"SearchAction\",\"target\":{\"@type\":\"EntryPoint\",\"urlTemplate\":\"https:\/\/zavepower.vendex4.se\/de\/?s={search_term_string}\"},\"query-input\":{\"@type\":\"PropertyValueSpecification\",\"valueRequired\":true,\"valueName\":\"search_term_string\"}}],\"inLanguage\":\"de\"},{\"@type\":\"Organization\",\"@id\":\"https:\/\/zavepower.vendex4.se\/de\/#organization\",\"name\":\"Zavepower Innovative Technology AB\",\"alternateName\":\"Zavepower Innovative Tech\",\"url\":\"https:\/\/zavepower.vendex4.se\/de\/\",\"logo\":{\"@type\":\"ImageObject\",\"inLanguage\":\"de\",\"@id\":\"https:\/\/zavepower.vendex4.se\/de\/#\/schema\/logo\/image\/\",\"url\":\"https:\/\/zavepower.vendex4.se\/wp-content\/uploads\/2024\/12\/9piolkj.png\",\"contentUrl\":\"https:\/\/zavepower.vendex4.se\/wp-content\/uploads\/2024\/12\/9piolkj.png\",\"width\":2790,\"height\":930,\"caption\":\"Zavepower Innovative Technology AB\"},\"image\":{\"@id\":\"https:\/\/zavepower.vendex4.se\/de\/#\/schema\/logo\/image\/\"},\"sameAs\":[\"https:\/\/www.facebook.com\/ZavepowerAB\",\"https:\/\/www.instagram.com\/zavepower\/\"]}]}<\/script>\n<!-- \/ Yoast SEO plugin. -->","yoast_head_json":{"title":"Spapilot - Wi-Fi-Fernbedienung & Smart Spa Automation.","description":"Spapilot - Wi-Fi-Fernbedienung & Smart Spa Automation. Spapilot ist die Nr. 1 in Sachen Innovation und die einzige Wi-Fi-Gesamtl\u00f6sung.","robots":{"index":"noindex","follow":"follow","max-snippet":"max-snippet:-1","max-image-preview":"max-image-preview:large","max-video-preview":"max-video-preview:-1"},"og_locale":"de_DE","og_type":"article","og_title":"Spapilot - Wi-Fi-Fernbedienung & Smart Spa Automation.","og_description":"Spapilot - Wi-Fi-Fernbedienung & Smart Spa Automation. Spapilot ist die Nr. 1 in Sachen Innovation und die einzige Wi-Fi-Gesamtl\u00f6sung.","og_url":"https:\/\/zavepower.vendex4.se\/de\/produkt\/spapilot\/","og_site_name":"Zavepower AB","article_publisher":"https:\/\/www.facebook.com\/ZavepowerAB","article_modified_time":"2025-07-04T09:23:30+00:00","og_image":[{"width":1920,"height":1080,"url":"https:\/\/zavepower.vendex4.se\/wp-content\/uploads\/2024\/11\/for-outdoor-spa-1.png","type":"image\/png"}],"twitter_card":"summary_large_image","twitter_misc":{"Gesch\u00e4tzte Lesezeit":"1\u00a0Minute"},"schema":{"@context":"https:\/\/schema.org","@graph":[{"@type":"WebPage","@id":"https:\/\/zavepower.vendex4.se\/de\/produkt\/spapilot\/","url":"https:\/\/zavepower.vendex4.se\/de\/produkt\/spapilot\/","name":"Spapilot - Wi-Fi-Fernbedienung & Smart Spa Automation.","isPartOf":{"@id":"https:\/\/zavepower.vendex4.se\/de\/#website"},"primaryImageOfPage":{"@id":"https:\/\/zavepower.vendex4.se\/de\/produkt\/spapilot\/#primaryimage"},"image":{"@id":"https:\/\/zavepower.vendex4.se\/de\/produkt\/spapilot\/#primaryimage"},"thumbnailUrl":"https:\/\/zavepower.vendex4.se\/wp-content\/uploads\/2024\/11\/for-outdoor-spa-1.png","datePublished":"2024-11-18T15:20:43+00:00","dateModified":"2025-07-04T09:23:30+00:00","description":"Spapilot - Wi-Fi-Fernbedienung & Smart Spa Automation. Spapilot ist die Nr. 1 in Sachen Innovation und die einzige Wi-Fi-Gesamtl\u00f6sung.","breadcrumb":{"@id":"https:\/\/zavepower.vendex4.se\/de\/produkt\/spapilot\/#breadcrumb"},"inLanguage":"de","potentialAction":[{"@type":"ReadAction","target":["https:\/\/zavepower.vendex4.se\/de\/produkt\/spapilot\/"]}]},{"@type":"ImageObject","inLanguage":"de","@id":"https:\/\/zavepower.vendex4.se\/de\/produkt\/spapilot\/#primaryimage","url":"https:\/\/zavepower.vendex4.se\/wp-content\/uploads\/2024\/11\/for-outdoor-spa-1.png","contentUrl":"https:\/\/zavepower.vendex4.se\/wp-content\/uploads\/2024\/11\/for-outdoor-spa-1.png","width":1920,"height":1080},{"@type":"BreadcrumbList","@id":"https:\/\/zavepower.vendex4.se\/de\/produkt\/spapilot\/#breadcrumb","itemListElement":[{"@type":"ListItem","position":1,"name":"Hem","item":"https:\/\/zavepower.vendex4.se\/de\/willkommen-bei-zavepower-2\/"},{"@type":"ListItem","position":2,"name":"Shop","item":"https:\/\/zavepower.vendex4.se\/de\/shop-2\/"},{"@type":"ListItem","position":3,"name":"Spapilot"}]},{"@type":"WebSite","@id":"https:\/\/zavepower.vendex4.se\/de\/#website","url":"https:\/\/zavepower.vendex4.se\/de\/","name":"Zavepower Innovative Technology AB","description":"Bringing intelligence, ease, and sustainability to every spa","publisher":{"@id":"https:\/\/zavepower.vendex4.se\/de\/#organization"},"alternateName":"Zavepower Innovative Tech","potentialAction":[{"@type":"SearchAction","target":{"@type":"EntryPoint","urlTemplate":"https:\/\/zavepower.vendex4.se\/de\/?s={search_term_string}"},"query-input":{"@type":"PropertyValueSpecification","valueRequired":true,"valueName":"search_term_string"}}],"inLanguage":"de"},{"@type":"Organization","@id":"https:\/\/zavepower.vendex4.se\/de\/#organization","name":"Zavepower Innovative Technology AB","alternateName":"Zavepower Innovative Tech","url":"https:\/\/zavepower.vendex4.se\/de\/","logo":{"@type":"ImageObject","inLanguage":"de","@id":"https:\/\/zavepower.vendex4.se\/de\/#\/schema\/logo\/image\/","url":"https:\/\/zavepower.vendex4.se\/wp-content\/uploads\/2024\/12\/9piolkj.png","contentUrl":"https:\/\/zavepower.vendex4.se\/wp-content\/uploads\/2024\/12\/9piolkj.png","width":2790,"height":930,"caption":"Zavepower Innovative Technology AB"},"image":{"@id":"https:\/\/zavepower.vendex4.se\/de\/#\/schema\/logo\/image\/"},"sameAs":["https:\/\/www.facebook.com\/ZavepowerAB","https:\/\/www.instagram.com\/zavepower\/"]}]}},"_links":{"self":[{"href":"https:\/\/zavepower.vendex4.se\/de\/wp-json\/wp\/v2\/product\/15321","targetHints":{"allow":["GET"]}}],"collection":[{"href":"https:\/\/zavepower.vendex4.se\/de\/wp-json\/wp\/v2\/product"}],"about":[{"href":"https:\/\/zavepower.vendex4.se\/de\/wp-json\/wp\/v2\/types\/product"}],"replies":[{"embeddable":true,"href":"https:\/\/zavepower.vendex4.se\/de\/wp-json\/wp\/v2\/comments?post=15321"}],"version-history":[{"count":0,"href":"https:\/\/zavepower.vendex4.se\/de\/wp-json\/wp\/v2\/product\/15321\/revisions"}],"wp:featuredmedia":[{"embeddable":true,"href":"https:\/\/zavepower.vendex4.se\/de\/wp-json\/wp\/v2\/media\/15557"}],"wp:attachment":[{"href":"https:\/\/zavepower.vendex4.se\/de\/wp-json\/wp\/v2\/media?parent=15321"}],"wp:term":[{"taxonomy":"product_brand","embeddable":true,"href":"https:\/\/zavepower.vendex4.se\/de\/wp-json\/wp\/v2\/product_brand?post=15321"},{"taxonomy":"product_cat","embeddable":true,"href":"https:\/\/zavepower.vendex4.se\/de\/wp-json\/wp\/v2\/product_cat?post=15321"},{"taxonomy":"product_tag","embeddable":true,"href":"https:\/\/zavepower.vendex4.se\/de\/wp-json\/wp\/v2\/product_tag?post=15321"}],"curies":[{"name":"wp","href":"https:\/\/api.w.org\/{rel}","templated":true}]}}