{"id":13872,"date":"2025-03-14T10:33:04","date_gmt":"2025-03-14T09:33:04","guid":{"rendered":"https:\/\/zavepower.vendex4.se\/spapilot-demopage\/"},"modified":"2025-05-03T10:28:55","modified_gmt":"2025-05-03T08:28:55","slug":"spapilot-demopage","status":"publish","type":"page","link":"https:\/\/zavepower.vendex4.se\/fr\/spapilot-demopage\/","title":{"rendered":"Spapilot Demopage"},"content":{"rendered":"\t\t<div data-elementor-type=\"wp-page\" data-elementor-id=\"13872\" class=\"elementor elementor-13872 elementor-13629\">\n\t\t\t\t\t\t<section class=\"wd-negative-gap elementor-section elementor-top-section elementor-element elementor-element-2418314 elementor-section-boxed elementor-section-height-default elementor-section-height-default\" data-id=\"2418314\" data-element_type=\"section\">\n\t\t\t\t\t\t<div class=\"elementor-container elementor-column-gap-default\">\n\t\t\t\t\t<div class=\"elementor-column elementor-col-100 elementor-top-column elementor-element elementor-element-ea615a3\" data-id=\"ea615a3\" data-element_type=\"column\">\n\t\t\t<div class=\"elementor-widget-wrap elementor-element-populated\">\n\t\t\t\t\t\t<div class=\"elementor-element elementor-element-1c097cc elementor-widget elementor-widget-wd_text_block\" data-id=\"1c097cc\" data-element_type=\"widget\" data-widget_type=\"wd_text_block.default\">\n\t\t\t\t<div class=\"elementor-widget-container\">\n\t\t\t\t\t\t\t<div class=\"wd-text-block reset-last-child text-left\">\n\t\t\t\n\t\t\t<h1>D\u00e9couvrez Spapilot&nbsp;<\/h1><h2>- Votre contr\u00f4le Wi-Fi plus intelligent pour les spas d'ext\u00e9rieur<\/h2>\n\t\t\t\t\t<\/div>\n\t\t\t\t\t\t<\/div>\n\t\t\t\t<\/div>\n\t\t\t\t\t<\/div>\n\t\t<\/div>\n\t\t\t\t\t<\/div>\n\t\t<\/section>\n\t\t\t\t<section class=\"wd-negative-gap elementor-section elementor-top-section elementor-element elementor-element-5171027 elementor-section-boxed elementor-section-height-default elementor-section-height-default\" data-id=\"5171027\" data-element_type=\"section\">\n\t\t\t\t\t\t<div class=\"elementor-container elementor-column-gap-default\">\n\t\t\t\t\t<div class=\"elementor-column elementor-col-66 elementor-top-column elementor-element elementor-element-b483ecc\" data-id=\"b483ecc\" data-element_type=\"column\">\n\t\t\t<div class=\"elementor-widget-wrap elementor-element-populated\">\n\t\t\t\t\t\t<div class=\"elementor-element elementor-element-ca24a85 elementor-widget__width-initial elementor-widget elementor-widget-wd_text_block\" data-id=\"ca24a85\" data-element_type=\"widget\" data-widget_type=\"wd_text_block.default\">\n\t\t\t\t<div class=\"elementor-widget-container\">\n\t\t\t\t\t\t\t<div class=\"wd-text-block reset-last-child text-left\">\n\t\t\t\n\t\t\t<h2 class=\"mb-2 whitespace-pre-line last:mb-0\"><strong>Bienvenue dans la d\u00e9mo interactive de Spapilot !<\/strong><strong>  <\/strong><\/h2><p class=\"mb-2 whitespace-pre-line last:mb-0\">Imaginez que vous puissiez contr\u00f4ler enti\u00e8rement la consommation d'\u00e9nergie, la temp\u00e9rature et l'entretien de votre spa, du bout des doigts. Avec Spapilot, vous pouvez profiter d'une gestion plus intelligente et plus efficace de votre spa gr\u00e2ce \u00e0 une application intuitive con\u00e7ue pour vous simplifier la vie.<\/p><p class=\"mb-2 whitespace-pre-line last:mb-0\"><strong>Comment cela fonctionne-t-il ?<\/strong><\/p><ul><li>Parcourez la d\u00e9mo \u00e0 votre rythme. (Vous n'avez pas besoin d'entrer vos identifiants de connexion, il vous suffit de cliquer pour continuer).<\/li><li>Ajustez les param\u00e8tres et explorez les options d'optimisation.<\/li><li>D\u00e9couvrez l'\u00e9quilibre parfait entre commodit\u00e9 et efficacit\u00e9 \u00e9nerg\u00e9tique.<\/li><\/ul><p><strong>Note :<\/strong><\/p><p>Il s'agit d'une version limit\u00e9e en termes de fonctions, car nous sommes en cours de d\u00e9veloppement et certaines fonctionnalit\u00e9s ne sont pas encore pr\u00eates.<\/p>\n\t\t\t\t\t<\/div>\n\t\t\t\t\t\t<\/div>\n\t\t\t\t<\/div>\n\t\t\t\t\t<\/div>\n\t\t<\/div>\n\t\t\t\t<div class=\"elementor-column elementor-col-33 elementor-top-column elementor-element elementor-element-b68ca51\" data-id=\"b68ca51\" data-element_type=\"column\">\n\t\t\t<div class=\"elementor-widget-wrap elementor-element-populated\">\n\t\t\t\t\t\t<div class=\"elementor-element elementor-element-ca427ca elementor-widget elementor-widget-html\" data-id=\"ca427ca\" data-element_type=\"widget\" data-widget_type=\"html.default\">\n\t\t\t\t\t<div id=\"iframe-container\"><\/div>\n<script>\n    var iframe = document.createElement(\"iframe\");\n    iframe.src = \"https:\/\/demo.dev9server.com\/zsa\/spa-pilot\/spapilot\/\";\n    iframe.style.width = \"100%\";\n    iframe.style.height = \"100vh\";\n    iframe.style.border = \"none\";\n    document.getElementById(\"iframe-container\").appendChild(iframe);\n<\/script>\t\t\t\t<\/div>\n\t\t\t\t\t<\/div>\n\t\t<\/div>\n\t\t\t\t\t<\/div>\n\t\t<\/section>\n\t\t\t\t<section class=\"elementor-section elementor-top-section elementor-element elementor-element-961c331 elementor-section-boxed elementor-section-height-default elementor-section-height-default\" data-id=\"961c331\" data-element_type=\"section\">\n\t\t\t\t\t\t<div class=\"elementor-container elementor-column-gap-default\">\n\t\t\t\t\t<div class=\"elementor-column elementor-col-100 elementor-top-column elementor-element elementor-element-da089e9\" data-id=\"da089e9\" data-element_type=\"column\">\n\t\t\t<div class=\"elementor-widget-wrap\">\n\t\t\t\t\t\t\t<\/div>\n\t\t<\/div>\n\t\t\t\t\t<\/div>\n\t\t<\/section>\n\t\t\t\t<\/div>\n\t\t","protected":false},"excerpt":{"rendered":"<p>D\u00e9couvrez Spapilot&nbsp; &#8211; Votre contr\u00f4le Wi-Fi plus intelligent pour les spas d&rsquo;ext\u00e9rieur Bienvenue dans la d\u00e9mo interactive de Spapilot !<\/p>\n","protected":false},"author":42,"featured_media":13877,"parent":0,"menu_order":0,"comment_status":"closed","ping_status":"closed","template":"","meta":{"footnotes":""},"class_list":["post-13872","page","type-page","status-publish","has-post-thumbnail","hentry"],"yoast_head":"<!-- This site is optimized with the Yoast SEO plugin v25.5 - https:\/\/yoast.com\/wordpress\/plugins\/seo\/ -->\n<title>Essayez l&#039;application Spapilot sur notre site web - Zavepower AB<\/title>\n<meta name=\"description\" content=\"Spapilot n&#039;est pas seulement un produit, il change la donne pour les propri\u00e9taires de spas. D\u00e9couvrez comment Spapilot simplifie la gestion des spas tout en vous faisant gagner du temps, de l&#039;\u00e9nergie et de l&#039;argent.\" \/>\n<meta name=\"robots\" content=\"noindex, follow, max-snippet:-1, max-image-preview:large, max-video-preview:-1\" \/>\n<meta property=\"og:locale\" content=\"fr_FR\" \/>\n<meta property=\"og:type\" content=\"article\" \/>\n<meta property=\"og:title\" content=\"Essayez l&#039;avenir de la gestion des spas en plein air\" \/>\n<meta property=\"og:description\" content=\"Spapilot n&#039;est pas seulement un produit, il change la donne pour les propri\u00e9taires de spas. Imaginez : une gestion intelligente de l&#039;\u00e9nergie qui r\u00e9duit les co\u00fbts de chauffage jusqu&#039;\u00e0 80 %, une automatisation sans souci gr\u00e2ce \u00e0 notre fonction Autopilot, une surveillance et des commandes en temps r\u00e9el au bout de vos doigts. Soyez parmi les premiers \u00e0 d\u00e9couvrir comment Spapilot simplifie la gestion de votre spa tout en vous faisant gagner du temps et de l&#039;\u00e9nergie, et en vous faisant \u00e9conomiser de l&#039;argent.\" \/>\n<meta property=\"og:url\" content=\"https:\/\/zavepower.vendex4.se\/fr\/spapilot-demopage\/\" \/>\n<meta property=\"og:site_name\" content=\"Zavepower AB\" \/>\n<meta property=\"article:publisher\" content=\"https:\/\/www.facebook.com\/ZavepowerAB\" \/>\n<meta property=\"article:modified_time\" content=\"2025-05-03T08:28:55+00:00\" \/>\n<meta property=\"og:image\" content=\"https:\/\/zavepower.vendex4.se\/wp-content\/uploads\/2024\/11\/20.webp\" \/>\n\t<meta property=\"og:image:width\" content=\"1080\" \/>\n\t<meta property=\"og:image:height\" content=\"1080\" \/>\n\t<meta property=\"og:image:type\" content=\"image\/webp\" \/>\n<meta name=\"twitter:card\" content=\"summary_large_image\" \/>\n<meta name=\"twitter:title\" content=\"Essayez l&#039;avenir de la gestion des spas en plein air\" \/>\n<meta name=\"twitter:description\" content=\"Spapilot n&#039;est pas seulement un produit, il change la donne pour les propri\u00e9taires de spas. Imaginez : une gestion intelligente de l&#039;\u00e9nergie qui r\u00e9duit les co\u00fbts de chauffage jusqu&#039;\u00e0 80 %, une automatisation sans souci gr\u00e2ce \u00e0 notre fonction Autopilot, une surveillance et des commandes en temps r\u00e9el au bout de vos doigts. Soyez parmi les premiers \u00e0 d\u00e9couvrir comment Spapilot simplifie la gestion de votre spa tout en vous faisant gagner du temps et de l&#039;\u00e9nergie, et en vous faisant \u00e9conomiser de l&#039;argent.\" \/>\n<meta name=\"twitter:label1\" content=\"Dur\u00e9e de lecture estim\u00e9e\" \/>\n\t<meta name=\"twitter:data1\" content=\"1 minute\" \/>\n<script type=\"application\/ld+json\" class=\"yoast-schema-graph\">{\"@context\":\"https:\/\/schema.org\",\"@graph\":[{\"@type\":\"WebPage\",\"@id\":\"https:\/\/zavepower.vendex4.se\/fr\/spapilot-demopage\/\",\"url\":\"https:\/\/zavepower.vendex4.se\/fr\/spapilot-demopage\/\",\"name\":\"Essayez l'application Spapilot sur notre site web - Zavepower AB\",\"isPartOf\":{\"@id\":\"https:\/\/zavepower.vendex4.se\/fr\/#website\"},\"primaryImageOfPage\":{\"@id\":\"https:\/\/zavepower.vendex4.se\/fr\/spapilot-demopage\/#primaryimage\"},\"image\":{\"@id\":\"https:\/\/zavepower.vendex4.se\/fr\/spapilot-demopage\/#primaryimage\"},\"thumbnailUrl\":\"https:\/\/zavepower.vendex4.se\/wp-content\/uploads\/2024\/11\/20.webp\",\"datePublished\":\"2025-03-14T09:33:04+00:00\",\"dateModified\":\"2025-05-03T08:28:55+00:00\",\"description\":\"Spapilot n'est pas seulement un produit, il change la donne pour les propri\u00e9taires de spas. D\u00e9couvrez comment Spapilot simplifie la gestion des spas tout en vous faisant gagner du temps, de l'\u00e9nergie et de l'argent.\",\"breadcrumb\":{\"@id\":\"https:\/\/zavepower.vendex4.se\/fr\/spapilot-demopage\/#breadcrumb\"},\"inLanguage\":\"fr-FR\",\"potentialAction\":[{\"@type\":\"ReadAction\",\"target\":[\"https:\/\/zavepower.vendex4.se\/fr\/spapilot-demopage\/\"]}]},{\"@type\":\"ImageObject\",\"inLanguage\":\"fr-FR\",\"@id\":\"https:\/\/zavepower.vendex4.se\/fr\/spapilot-demopage\/#primaryimage\",\"url\":\"https:\/\/zavepower.vendex4.se\/wp-content\/uploads\/2024\/11\/20.webp\",\"contentUrl\":\"https:\/\/zavepower.vendex4.se\/wp-content\/uploads\/2024\/11\/20.webp\",\"width\":1080,\"height\":1080,\"caption\":\"Une gestion intelligente du spa au bout des doigts - Contr\u00f4lez les co\u00fbts, l'entretien et la programmation gr\u00e2ce \u00e0 l'interface conviviale de Spapilot.\"},{\"@type\":\"BreadcrumbList\",\"@id\":\"https:\/\/zavepower.vendex4.se\/fr\/spapilot-demopage\/#breadcrumb\",\"itemListElement\":[{\"@type\":\"ListItem\",\"position\":1,\"name\":\"Hem\",\"item\":\"https:\/\/zavepower.vendex4.se\/fr\/bienvenue-chez-zavepower-2\/\"},{\"@type\":\"ListItem\",\"position\":2,\"name\":\"Spapilot Demopage\"}]},{\"@type\":\"WebSite\",\"@id\":\"https:\/\/zavepower.vendex4.se\/fr\/#website\",\"url\":\"https:\/\/zavepower.vendex4.se\/fr\/\",\"name\":\"Zavepower Innovative Technology AB\",\"description\":\"Bringing intelligence, ease, and sustainability to every spa\",\"publisher\":{\"@id\":\"https:\/\/zavepower.vendex4.se\/fr\/#organization\"},\"alternateName\":\"Zavepower Innovative Tech\",\"potentialAction\":[{\"@type\":\"SearchAction\",\"target\":{\"@type\":\"EntryPoint\",\"urlTemplate\":\"https:\/\/zavepower.vendex4.se\/fr\/?s={search_term_string}\"},\"query-input\":{\"@type\":\"PropertyValueSpecification\",\"valueRequired\":true,\"valueName\":\"search_term_string\"}}],\"inLanguage\":\"fr-FR\"},{\"@type\":\"Organization\",\"@id\":\"https:\/\/zavepower.vendex4.se\/fr\/#organization\",\"name\":\"Zavepower Innovative Technology AB\",\"alternateName\":\"Zavepower Innovative Tech\",\"url\":\"https:\/\/zavepower.vendex4.se\/fr\/\",\"logo\":{\"@type\":\"ImageObject\",\"inLanguage\":\"fr-FR\",\"@id\":\"https:\/\/zavepower.vendex4.se\/fr\/#\/schema\/logo\/image\/\",\"url\":\"https:\/\/zavepower.vendex4.se\/wp-content\/uploads\/2024\/12\/9piolkj.png\",\"contentUrl\":\"https:\/\/zavepower.vendex4.se\/wp-content\/uploads\/2024\/12\/9piolkj.png\",\"width\":2790,\"height\":930,\"caption\":\"Zavepower Innovative Technology AB\"},\"image\":{\"@id\":\"https:\/\/zavepower.vendex4.se\/fr\/#\/schema\/logo\/image\/\"},\"sameAs\":[\"https:\/\/www.facebook.com\/ZavepowerAB\",\"https:\/\/www.instagram.com\/zavepower\/\"]}]}<\/script>\n<!-- \/ Yoast SEO plugin. -->","yoast_head_json":{"title":"Essayez l'application Spapilot sur notre site web - Zavepower AB","description":"Spapilot n'est pas seulement un produit, il change la donne pour les propri\u00e9taires de spas. D\u00e9couvrez comment Spapilot simplifie la gestion des spas tout en vous faisant gagner du temps, de l'\u00e9nergie et de l'argent.","robots":{"index":"noindex","follow":"follow","max-snippet":"max-snippet:-1","max-image-preview":"max-image-preview:large","max-video-preview":"max-video-preview:-1"},"og_locale":"fr_FR","og_type":"article","og_title":"Essayez l'avenir de la gestion des spas en plein air","og_description":"Spapilot n'est pas seulement un produit, il change la donne pour les propri\u00e9taires de spas. Imaginez : une gestion intelligente de l'\u00e9nergie qui r\u00e9duit les co\u00fbts de chauffage jusqu'\u00e0 80 %, une automatisation sans souci gr\u00e2ce \u00e0 notre fonction Autopilot, une surveillance et des commandes en temps r\u00e9el au bout de vos doigts. Soyez parmi les premiers \u00e0 d\u00e9couvrir comment Spapilot simplifie la gestion de votre spa tout en vous faisant gagner du temps et de l'\u00e9nergie, et en vous faisant \u00e9conomiser de l'argent.","og_url":"https:\/\/zavepower.vendex4.se\/fr\/spapilot-demopage\/","og_site_name":"Zavepower AB","article_publisher":"https:\/\/www.facebook.com\/ZavepowerAB","article_modified_time":"2025-05-03T08:28:55+00:00","og_image":[{"width":1080,"height":1080,"url":"https:\/\/zavepower.vendex4.se\/wp-content\/uploads\/2024\/11\/20.webp","type":"image\/webp"}],"twitter_card":"summary_large_image","twitter_title":"Essayez l'avenir de la gestion des spas en plein air","twitter_description":"Spapilot n'est pas seulement un produit, il change la donne pour les propri\u00e9taires de spas. Imaginez : une gestion intelligente de l'\u00e9nergie qui r\u00e9duit les co\u00fbts de chauffage jusqu'\u00e0 80 %, une automatisation sans souci gr\u00e2ce \u00e0 notre fonction Autopilot, une surveillance et des commandes en temps r\u00e9el au bout de vos doigts. Soyez parmi les premiers \u00e0 d\u00e9couvrir comment Spapilot simplifie la gestion de votre spa tout en vous faisant gagner du temps et de l'\u00e9nergie, et en vous faisant \u00e9conomiser de l'argent.","twitter_misc":{"Dur\u00e9e de lecture estim\u00e9e":"1 minute"},"schema":{"@context":"https:\/\/schema.org","@graph":[{"@type":"WebPage","@id":"https:\/\/zavepower.vendex4.se\/fr\/spapilot-demopage\/","url":"https:\/\/zavepower.vendex4.se\/fr\/spapilot-demopage\/","name":"Essayez l'application Spapilot sur notre site web - Zavepower AB","isPartOf":{"@id":"https:\/\/zavepower.vendex4.se\/fr\/#website"},"primaryImageOfPage":{"@id":"https:\/\/zavepower.vendex4.se\/fr\/spapilot-demopage\/#primaryimage"},"image":{"@id":"https:\/\/zavepower.vendex4.se\/fr\/spapilot-demopage\/#primaryimage"},"thumbnailUrl":"https:\/\/zavepower.vendex4.se\/wp-content\/uploads\/2024\/11\/20.webp","datePublished":"2025-03-14T09:33:04+00:00","dateModified":"2025-05-03T08:28:55+00:00","description":"Spapilot n'est pas seulement un produit, il change la donne pour les propri\u00e9taires de spas. D\u00e9couvrez comment Spapilot simplifie la gestion des spas tout en vous faisant gagner du temps, de l'\u00e9nergie et de l'argent.","breadcrumb":{"@id":"https:\/\/zavepower.vendex4.se\/fr\/spapilot-demopage\/#breadcrumb"},"inLanguage":"fr-FR","potentialAction":[{"@type":"ReadAction","target":["https:\/\/zavepower.vendex4.se\/fr\/spapilot-demopage\/"]}]},{"@type":"ImageObject","inLanguage":"fr-FR","@id":"https:\/\/zavepower.vendex4.se\/fr\/spapilot-demopage\/#primaryimage","url":"https:\/\/zavepower.vendex4.se\/wp-content\/uploads\/2024\/11\/20.webp","contentUrl":"https:\/\/zavepower.vendex4.se\/wp-content\/uploads\/2024\/11\/20.webp","width":1080,"height":1080,"caption":"Une gestion intelligente du spa au bout des doigts - Contr\u00f4lez les co\u00fbts, l'entretien et la programmation gr\u00e2ce \u00e0 l'interface conviviale de Spapilot."},{"@type":"BreadcrumbList","@id":"https:\/\/zavepower.vendex4.se\/fr\/spapilot-demopage\/#breadcrumb","itemListElement":[{"@type":"ListItem","position":1,"name":"Hem","item":"https:\/\/zavepower.vendex4.se\/fr\/bienvenue-chez-zavepower-2\/"},{"@type":"ListItem","position":2,"name":"Spapilot Demopage"}]},{"@type":"WebSite","@id":"https:\/\/zavepower.vendex4.se\/fr\/#website","url":"https:\/\/zavepower.vendex4.se\/fr\/","name":"Zavepower Innovative Technology AB","description":"Bringing intelligence, ease, and sustainability to every spa","publisher":{"@id":"https:\/\/zavepower.vendex4.se\/fr\/#organization"},"alternateName":"Zavepower Innovative Tech","potentialAction":[{"@type":"SearchAction","target":{"@type":"EntryPoint","urlTemplate":"https:\/\/zavepower.vendex4.se\/fr\/?s={search_term_string}"},"query-input":{"@type":"PropertyValueSpecification","valueRequired":true,"valueName":"search_term_string"}}],"inLanguage":"fr-FR"},{"@type":"Organization","@id":"https:\/\/zavepower.vendex4.se\/fr\/#organization","name":"Zavepower Innovative Technology AB","alternateName":"Zavepower Innovative Tech","url":"https:\/\/zavepower.vendex4.se\/fr\/","logo":{"@type":"ImageObject","inLanguage":"fr-FR","@id":"https:\/\/zavepower.vendex4.se\/fr\/#\/schema\/logo\/image\/","url":"https:\/\/zavepower.vendex4.se\/wp-content\/uploads\/2024\/12\/9piolkj.png","contentUrl":"https:\/\/zavepower.vendex4.se\/wp-content\/uploads\/2024\/12\/9piolkj.png","width":2790,"height":930,"caption":"Zavepower Innovative Technology AB"},"image":{"@id":"https:\/\/zavepower.vendex4.se\/fr\/#\/schema\/logo\/image\/"},"sameAs":["https:\/\/www.facebook.com\/ZavepowerAB","https:\/\/www.instagram.com\/zavepower\/"]}]}},"_links":{"self":[{"href":"https:\/\/zavepower.vendex4.se\/fr\/wp-json\/wp\/v2\/pages\/13872","targetHints":{"allow":["GET"]}}],"collection":[{"href":"https:\/\/zavepower.vendex4.se\/fr\/wp-json\/wp\/v2\/pages"}],"about":[{"href":"https:\/\/zavepower.vendex4.se\/fr\/wp-json\/wp\/v2\/types\/page"}],"author":[{"embeddable":true,"href":"https:\/\/zavepower.vendex4.se\/fr\/wp-json\/wp\/v2\/users\/42"}],"replies":[{"embeddable":true,"href":"https:\/\/zavepower.vendex4.se\/fr\/wp-json\/wp\/v2\/comments?post=13872"}],"version-history":[{"count":0,"href":"https:\/\/zavepower.vendex4.se\/fr\/wp-json\/wp\/v2\/pages\/13872\/revisions"}],"wp:featuredmedia":[{"embeddable":true,"href":"https:\/\/zavepower.vendex4.se\/fr\/wp-json\/wp\/v2\/media\/13877"}],"wp:attachment":[{"href":"https:\/\/zavepower.vendex4.se\/fr\/wp-json\/wp\/v2\/media?parent=13872"}],"curies":[{"name":"wp","href":"https:\/\/api.w.org\/{rel}","templated":true}]}}