{"id":14028,"date":"2023-02-26T11:35:47","date_gmt":"2023-02-26T10:35:47","guid":{"rendered":"https:\/\/zavepower.vendex4.se\/trouver-un-revendeur\/"},"modified":"2025-05-03T10:29:49","modified_gmt":"2025-05-03T08:29:49","slug":"trouver-un-revendeur","status":"publish","type":"page","link":"https:\/\/zavepower.vendex4.se\/fr\/trouver-un-revendeur\/","title":{"rendered":"Trouver un revendeur"},"content":{"rendered":"\t\t<div data-elementor-type=\"wp-page\" data-elementor-id=\"14028\" class=\"elementor elementor-14028 elementor-11596\">\n\t\t\t\t\t\t<section class=\"wd-negative-gap elementor-section elementor-top-section elementor-element elementor-element-b785e53 elementor-section-boxed elementor-section-height-default elementor-section-height-default\" data-id=\"b785e53\" data-element_type=\"section\">\n\t\t\t\t\t\t<div class=\"elementor-container elementor-column-gap-default\">\n\t\t\t\t\t<div class=\"elementor-column elementor-col-100 elementor-top-column elementor-element elementor-element-4bb09171\" data-id=\"4bb09171\" data-element_type=\"column\">\n\t\t\t<div class=\"elementor-widget-wrap elementor-element-populated\">\n\t\t\t\t\t\t<div class=\"elementor-element elementor-element-30b3becd wd-width-100 elementor-widget elementor-widget-wd_title\" data-id=\"30b3becd\" data-element_type=\"widget\" data-widget_type=\"wd_title.default\">\n\t\t\t\t<div class=\"elementor-widget-container\">\n\t\t\t\t\t\t\t<div class=\"title-wrapper wd-set-mb reset-last-child wd-title-color-default wd-title-style-default wd-title-size-extra-large text-center\">\n\n\t\t\t\n\t\t\t<div class=\"liner-continer\">\n\t\t\t\t<h1 class=\"woodmart-title-container title wd-fontsize-xxxl\">Trouvez votre revendeur<\/h1> \n\t\t\t\t\t\t\t<\/div>\n\n\t\t\t\t\t\t\t<div class=\"title-after_title reset-last-child wd-fontsize-s\">\n\t\t\t\t\t<p>Vous trouverez ici notre liste de revendeurs Utilisez-la pour trouver un revendeur pr\u00e8s de chez vous !<\/p>\t\t\t\t<\/div>\n\t\t\t\t\t<\/div>\n\t\t\t\t\t\t<\/div>\n\t\t\t\t<\/div>\n\t\t\t\t\t<\/div>\n\t\t<\/div>\n\t\t\t\t\t<\/div>\n\t\t<\/section>\n\t\t\t\t<section class=\"wd-negative-gap elementor-section elementor-top-section elementor-element elementor-element-d7a114f elementor-section-boxed elementor-section-height-default elementor-section-height-default\" data-id=\"d7a114f\" data-element_type=\"section\">\n\t\t\t\t\t\t<div class=\"elementor-container elementor-column-gap-default\">\n\t\t\t\t\t<div class=\"elementor-column elementor-col-100 elementor-top-column elementor-element elementor-element-b65e8b9\" data-id=\"b65e8b9\" data-element_type=\"column\">\n\t\t\t<div class=\"elementor-widget-wrap elementor-element-populated\">\n\t\t\t\t\t\t<div class=\"elementor-element elementor-element-b5d2dec elementor-widget elementor-widget-shortcode\" data-id=\"b5d2dec\" data-element_type=\"widget\" data-widget_type=\"shortcode.default\">\n\t\t\t\t\t\t\t<div class=\"elementor-shortcode\"><style type=\"text\/css\">\n  body #asl-storelocator.asl-cont.asl-template-0 {--sl-font-size: 13px;--sl-title-size: 15px;--sl-btn-size: 13px;--sl-primary: #32373c;--sl-header: #F7F7F7;--sl-header-color: #32373c;--sl-infobox-color: #555d66;--sl-infobox-bg: #FFFFFF;--sl-infobox-a: #072944;--sl-action-btn-color: #FFFFFF;--sl-action-btn-bg: #072944;--sl-color: #555d66;--sl-list-bg: #FFFFFF;--sl-list-title: #32373c;--sl-list-sub-title: #6a6a6a;--sl-highlighted: #F7F7F7;}.asl-p-cont .asl-print-btn,.asl-cont .asl-print-btn {display: none !important;}  .asl-cont .onoffswitch .onoffswitch-label .onoffswitch-switch:before {content: \"OUVRIR\" !important;}\n  .asl-cont .onoffswitch .onoffswitch-label .onoffswitch-switch:after {content: \"TOUT\" !important;}\n  @media (max-width: 767px) {\n    #asl-storelocator.asl-cont .asl-panel {order: 0;}\n  }\n  .asl-cont.sl-search-only .Filter_section + .sl-row {display: none;}\n<\/style>\n<div id=\"asl-storelocator\" class=\"storelocator-main asl-cont asl-template-0 asl-layout-0 asl-bg-1  asl-text-1\">\n  <div class=\"asl-wrapper\">\n    <div class=\"sl-container\">\n             \n      <div class=\"sl-row Filter_section\">\n          <div class=\"pol-lg-4 pol-md-5 pol-sm-12 search_filter\">\n              <p class=\"mb-2\">Chercher Location<\/p>\n              <div class=\"sl-search-group d-flex\">\n                <input type=\"text\" value=\"\" data-submit=\"disable\"  tabindex=\"2\" id=\"auto-complete-search\" placeholder=\"Saisissez un lieu\"  class=\"asl-search-address form-control isp_ignore\">\n                <button type=\"button\" class=\"span-geo\"><i class=\"icon-search\" title=\"Chercher Location\"><\/i><\/button>\n              <\/div>\n          <\/div>\n          <div class=\"pol-lg-8 pol-md-7 pol-sm-12\">\n            <div class=\"sl-row\">\n              <div class=\"pol-sm-12 asl-advance-filters hide\">\n                <div class=\"sl-row\">\n                                                                        <div class=\"pol-lg-4 pol-md-6 pol-sm-12 range_filter asl-ddl-filters hide\">\n                      <div class=\"rangeFilter asl-filter-cntrl\">\n                        <label class=\"asl-cntrl-lbl\">Distance Range<\/label>\n                        <input id=\"asl-radius-slide\" type=\"text\" class=\"span2\" \/>\n                        <span class=\"rad-unit\">Rayon: <span id=\"asl-radius-input\"><\/span> <span id=\"asl-dist-unit\">KM<\/span><\/span>\n                      <\/div>\n                  <\/div>\n                  <div class=\"pol-lg-2 pol-md-3 pol-sm-12 Status_filter\">\n                      <div class=\"asl-filter-cntrl\">\n                        <label class=\"asl-cntrl-lbl\">Statut<\/label>\n                        <div class=\"onoffswitch\">\n                          <input type=\"checkbox\" name=\"onoffswitch\" class=\"onoffswitch-checkbox\" id=\"asl-open-close\" checked>\n                          <label class=\"onoffswitch-label\" for=\"asl-open-close\">\n                              <span class=\"onoffswitch-inner\"><\/span>\n                              <span class=\"onoffswitch-switch\"><\/span>\n                          <\/label>\n                        <\/div>\n                      <\/div>\n                  <\/div>\n                <\/div>\n              <\/div>\n            <\/div>\n          <\/div>\n      <\/div>\n            <div class=\"sl-row\">\n        <div class=\"pol-12\">\n            <div class=\"sl-main-cont\">\n                <div class=\"sl-row no-gutters sl-main-row\">\n                    <div id=\"asl-panel\" class=\"asl-panel pol-md-5 pol-lg-4 asl_locator-panel\">\n                        <div class=\"asl-overlay\" id=\"map-loading\">\n                            <div class=\"white\"><\/div>\n                            <div class=\"sl-loading\">\n                              <i class=\"animate-sl-spin icon-spin3\"><\/i>\n                              Chargement...                            <\/div>\n                        <\/div>\n                                                <!-- list -->\n                        <div class=\"asl-panel-inner\">\n                            <div class=\"top-title Num_of_store\">\n                              <span>Antal \u00c5terf\u00f6rs\u00e4ljare: <span class=\"count-result\">0<\/span><\/span>\n                              <a class=\"asl-print-btn\"><span>IMPRIMER<\/span><span class=\"asl-print\"><\/span><\/a>\n                            <\/div>\n                            <div class=\"sl-main-cont-box\">\n                              <div id=\"asl-list\" class=\"sl-list-wrapper\">\n                                <ul id=\"p-statelist\" class=\"sl-list\">\n                                <\/ul>\n                              <\/div>\n                            <\/div>\n                        <\/div>\n\n                        <div class=\"directions-cont hide\">\n                            <div class=\"agile-modal-header\">\n                                <button type=\"button\" class=\"close\"><span aria-hidden=\"true\">\u00d7<\/span><\/button>\n                                <h4>Direction du magasin<\/h4>\n                            <\/div>\n                            <div class=\"rendered-directions\" id=\"asl-rendered-dir\" style=\"direction: ltr;\"><\/div>\n                        <\/div>\n                    <\/div>\n                    <div class=\"pol-md-7 pol-lg-8 asl-map\">\n                        <div class=\"map-image\">\n                            <div id=\"asl-map-canv\" class=\"asl-map-canv\"><\/div>\n                            <div id=\"agile-modal-direction\" class=\"agile-modal fade\">\n    <div class=\"agile-modal-backdrop-in\"><\/div>\n    <div class=\"agile-modal-dialog in\">\n        <div class=\"agile-modal-content\">\n            <div class=\"sl-form-group d-flex justify-content-between\">\n                <h4>Get Your Directions<\/h4>\n                <button type=\"button\" class=\"close-directions sl-close\" data-dismiss=\"agile-modal\" aria-label=\"Close\">&times;<\/button>\n            <\/div>\n            <div class=\"sl-form-group\">\n                <label for=\"frm-lbl\">De:<\/label>\n                <input type=\"text\" class=\"form-control frm-place\" id=\"frm-lbl\" placeholder=\"Saisissez un lieu\">\n            <\/div>\n            <div class=\"sl-form-group\">\n                <label for=\"frm-lbl\">\u00c0:<\/label>\n                <input readonly=\"true\" type=\"text\"  class=\"directions-to form-control\" id=\"to-lbl\" placeholder=\"Adresse de destination pr\u00e9remplie\">\n            <\/div>\n            <div class=\"sl-form-group mb-0\">\n                <label class=\"checkbox-inline\">\n                    <input type=\"radio\" name=\"dist-type\"  id=\"rbtn-km\" value=\"0\"> KM                <\/label>\n                <label class=\"checkbox-inline\">\n                    <input type=\"radio\" name=\"dist-type\" checked id=\"rbtn-mile\" value=\"1\"> Mile                <\/label>\n            <\/div>\n            <div class=\"sl-form-group mb-0\">\n                <button type=\"submit\" class=\"btn btn-default btn-submit\">OBTENIR DES DIRECTIONS<\/button>\n            <\/div>\n        <\/div>\n    <\/div>\n<\/div>\n\n<div id=\"asl-geolocation-agile-modal\" class=\"agile-modal fade\">\n  <div class=\"agile-modal-backdrop-in\"><\/div>\n  <div class=\"agile-modal-dialog in\">\n    <div class=\"agile-modal-content\">\n            <div class=\"sl-form-group d-flex justify-content-between\">\n        <h5>Utiliser mon emplacement pour trouver le fournisseur de services le plus pr\u00e8s de moi<\/h5>\n        <button type=\"button\" class=\"close-directions sl-close\" data-dismiss=\"agile-modal\" aria-label=\"Close\" aria-hidden=\"true\">&times;<\/button>\n      <\/div>\n      <div class=\"sl-form-group text-center mb-0\">\n        <button type=\"button\" id=\"asl-btn-geolocation\" class=\"btn btn-block btn-default\">UTILISATION LOCATION<\/button>\n      <\/div>\n          <\/div>\n  <\/div>\n<\/div>\n\n<div id=\"asl-desc-agile-modal\" class=\"agile-modal fade\">\n  <div class=\"agile-modal-backdrop-in\"><\/div>\n  <div class=\"agile-modal-dialog in\">\n    <div class=\"agile-modal-content\">\n      <div class=\"sl-row\">\n        <div class=\"pol-md-12\">\n          <div class=\"sl-form-group d-flex justify-content-between\">\n            <h4 class=\"sl-title\"><\/h4>\n            <button type=\"button\" class=\"close-directions sl-close\" data-dismiss=\"agile-modal\" aria-label=\"Close\">&times;<\/button>\n          <\/div>\n          <p class=\"sl-desc\"><\/p>\n        <\/div>\n      <\/div>\n    <\/div>\n  <\/div>\n<\/div>                        <\/div>\n                    <\/div>\n                <\/div>\n            <\/div>\n        <\/div>\n      <\/div>\n    <\/div>\n  <\/div>\n<\/div>\n<!-- This plugin is developed by \"Agile Store Locator for WordPress\" https:\/\/agilestorelocator.com --><\/div>\n\t\t\t\t\t\t<\/div>\n\t\t\t\t\t<\/div>\n\t\t<\/div>\n\t\t\t\t\t<\/div>\n\t\t<\/section>\n\t\t\t\t<\/div>\n\t\t","protected":false},"excerpt":{"rendered":"<p>Trouvez votre revendeur Vous trouverez ici notre liste de revendeurs Utilisez-la pour trouver un revendeur pr\u00e8s de chez vous !<\/p>\n","protected":false},"author":1,"featured_media":0,"parent":0,"menu_order":0,"comment_status":"closed","ping_status":"closed","template":"","meta":{"footnotes":""},"class_list":["post-14028","page","type-page","status-publish","hentry"],"yoast_head":"<!-- This site is optimized with the Yoast SEO plugin v25.5 - https:\/\/yoast.com\/wordpress\/plugins\/seo\/ -->\n<title>Trouver un revendeur - Zavepower AB<\/title>\n<meta name=\"robots\" content=\"noindex, follow, max-snippet:-1, max-image-preview:large, max-video-preview:-1\" \/>\n<meta property=\"og:locale\" content=\"fr_FR\" \/>\n<meta property=\"og:type\" content=\"article\" \/>\n<meta property=\"og:title\" content=\"Trouver un revendeur - Zavepower AB\" \/>\n<meta property=\"og:description\" content=\"Trouvez votre revendeur Vous trouverez ici notre liste de revendeurs Utilisez-la pour trouver un revendeur pr\u00e8s de chez vous !\" \/>\n<meta property=\"og:url\" content=\"https:\/\/zavepower.vendex4.se\/fr\/trouver-un-revendeur\/\" \/>\n<meta property=\"og:site_name\" content=\"Zavepower AB\" \/>\n<meta property=\"article:publisher\" content=\"https:\/\/www.facebook.com\/ZavepowerAB\" \/>\n<meta property=\"article:modified_time\" content=\"2025-05-03T08:29:49+00:00\" \/>\n<meta property=\"og:image\" content=\"https:\/\/zavepower.vendex4.se\/wp-content\/uploads\/2024\/12\/9piolkj.webp\" \/>\n\t<meta property=\"og:image:width\" content=\"1920\" \/>\n\t<meta property=\"og:image:height\" content=\"640\" \/>\n\t<meta property=\"og:image:type\" content=\"image\/webp\" \/>\n<meta name=\"twitter:card\" content=\"summary_large_image\" \/>\n<script type=\"application\/ld+json\" class=\"yoast-schema-graph\">{\"@context\":\"https:\/\/schema.org\",\"@graph\":[{\"@type\":\"WebPage\",\"@id\":\"https:\/\/zavepower.vendex4.se\/fr\/trouver-un-revendeur\/\",\"url\":\"https:\/\/zavepower.vendex4.se\/fr\/trouver-un-revendeur\/\",\"name\":\"Trouver un revendeur - Zavepower AB\",\"isPartOf\":{\"@id\":\"https:\/\/zavepower.vendex4.se\/fr\/#website\"},\"datePublished\":\"2023-02-26T10:35:47+00:00\",\"dateModified\":\"2025-05-03T08:29:49+00:00\",\"breadcrumb\":{\"@id\":\"https:\/\/zavepower.vendex4.se\/fr\/trouver-un-revendeur\/#breadcrumb\"},\"inLanguage\":\"fr-FR\",\"potentialAction\":[{\"@type\":\"ReadAction\",\"target\":[\"https:\/\/zavepower.vendex4.se\/fr\/trouver-un-revendeur\/\"]}]},{\"@type\":\"BreadcrumbList\",\"@id\":\"https:\/\/zavepower.vendex4.se\/fr\/trouver-un-revendeur\/#breadcrumb\",\"itemListElement\":[{\"@type\":\"ListItem\",\"position\":1,\"name\":\"Hem\",\"item\":\"https:\/\/zavepower.vendex4.se\/fr\/bienvenue-chez-zavepower-2\/\"},{\"@type\":\"ListItem\",\"position\":2,\"name\":\"Trouver un revendeur\"}]},{\"@type\":\"WebSite\",\"@id\":\"https:\/\/zavepower.vendex4.se\/fr\/#website\",\"url\":\"https:\/\/zavepower.vendex4.se\/fr\/\",\"name\":\"Zavepower Innovative Technology AB\",\"description\":\"Bringing intelligence, ease, and sustainability to every spa\",\"publisher\":{\"@id\":\"https:\/\/zavepower.vendex4.se\/fr\/#organization\"},\"alternateName\":\"Zavepower Innovative Tech\",\"potentialAction\":[{\"@type\":\"SearchAction\",\"target\":{\"@type\":\"EntryPoint\",\"urlTemplate\":\"https:\/\/zavepower.vendex4.se\/fr\/?s={search_term_string}\"},\"query-input\":{\"@type\":\"PropertyValueSpecification\",\"valueRequired\":true,\"valueName\":\"search_term_string\"}}],\"inLanguage\":\"fr-FR\"},{\"@type\":\"Organization\",\"@id\":\"https:\/\/zavepower.vendex4.se\/fr\/#organization\",\"name\":\"Zavepower Innovative Technology AB\",\"alternateName\":\"Zavepower Innovative Tech\",\"url\":\"https:\/\/zavepower.vendex4.se\/fr\/\",\"logo\":{\"@type\":\"ImageObject\",\"inLanguage\":\"fr-FR\",\"@id\":\"https:\/\/zavepower.vendex4.se\/fr\/#\/schema\/logo\/image\/\",\"url\":\"https:\/\/zavepower.vendex4.se\/wp-content\/uploads\/2024\/12\/9piolkj.png\",\"contentUrl\":\"https:\/\/zavepower.vendex4.se\/wp-content\/uploads\/2024\/12\/9piolkj.png\",\"width\":2790,\"height\":930,\"caption\":\"Zavepower Innovative Technology AB\"},\"image\":{\"@id\":\"https:\/\/zavepower.vendex4.se\/fr\/#\/schema\/logo\/image\/\"},\"sameAs\":[\"https:\/\/www.facebook.com\/ZavepowerAB\",\"https:\/\/www.instagram.com\/zavepower\/\"]}]}<\/script>\n<!-- \/ Yoast SEO plugin. -->","yoast_head_json":{"title":"Trouver un revendeur - Zavepower AB","robots":{"index":"noindex","follow":"follow","max-snippet":"max-snippet:-1","max-image-preview":"max-image-preview:large","max-video-preview":"max-video-preview:-1"},"og_locale":"fr_FR","og_type":"article","og_title":"Trouver un revendeur - Zavepower AB","og_description":"Trouvez votre revendeur Vous trouverez ici notre liste de revendeurs Utilisez-la pour trouver un revendeur pr\u00e8s de chez vous !","og_url":"https:\/\/zavepower.vendex4.se\/fr\/trouver-un-revendeur\/","og_site_name":"Zavepower AB","article_publisher":"https:\/\/www.facebook.com\/ZavepowerAB","article_modified_time":"2025-05-03T08:29:49+00:00","og_image":[{"width":1920,"height":640,"url":"https:\/\/zavepower.vendex4.se\/wp-content\/uploads\/2024\/12\/9piolkj.webp","type":"image\/webp"}],"twitter_card":"summary_large_image","schema":{"@context":"https:\/\/schema.org","@graph":[{"@type":"WebPage","@id":"https:\/\/zavepower.vendex4.se\/fr\/trouver-un-revendeur\/","url":"https:\/\/zavepower.vendex4.se\/fr\/trouver-un-revendeur\/","name":"Trouver un revendeur - Zavepower AB","isPartOf":{"@id":"https:\/\/zavepower.vendex4.se\/fr\/#website"},"datePublished":"2023-02-26T10:35:47+00:00","dateModified":"2025-05-03T08:29:49+00:00","breadcrumb":{"@id":"https:\/\/zavepower.vendex4.se\/fr\/trouver-un-revendeur\/#breadcrumb"},"inLanguage":"fr-FR","potentialAction":[{"@type":"ReadAction","target":["https:\/\/zavepower.vendex4.se\/fr\/trouver-un-revendeur\/"]}]},{"@type":"BreadcrumbList","@id":"https:\/\/zavepower.vendex4.se\/fr\/trouver-un-revendeur\/#breadcrumb","itemListElement":[{"@type":"ListItem","position":1,"name":"Hem","item":"https:\/\/zavepower.vendex4.se\/fr\/bienvenue-chez-zavepower-2\/"},{"@type":"ListItem","position":2,"name":"Trouver un revendeur"}]},{"@type":"WebSite","@id":"https:\/\/zavepower.vendex4.se\/fr\/#website","url":"https:\/\/zavepower.vendex4.se\/fr\/","name":"Zavepower Innovative Technology AB","description":"Bringing intelligence, ease, and sustainability to every spa","publisher":{"@id":"https:\/\/zavepower.vendex4.se\/fr\/#organization"},"alternateName":"Zavepower Innovative Tech","potentialAction":[{"@type":"SearchAction","target":{"@type":"EntryPoint","urlTemplate":"https:\/\/zavepower.vendex4.se\/fr\/?s={search_term_string}"},"query-input":{"@type":"PropertyValueSpecification","valueRequired":true,"valueName":"search_term_string"}}],"inLanguage":"fr-FR"},{"@type":"Organization","@id":"https:\/\/zavepower.vendex4.se\/fr\/#organization","name":"Zavepower Innovative Technology AB","alternateName":"Zavepower Innovative Tech","url":"https:\/\/zavepower.vendex4.se\/fr\/","logo":{"@type":"ImageObject","inLanguage":"fr-FR","@id":"https:\/\/zavepower.vendex4.se\/fr\/#\/schema\/logo\/image\/","url":"https:\/\/zavepower.vendex4.se\/wp-content\/uploads\/2024\/12\/9piolkj.png","contentUrl":"https:\/\/zavepower.vendex4.se\/wp-content\/uploads\/2024\/12\/9piolkj.png","width":2790,"height":930,"caption":"Zavepower Innovative Technology AB"},"image":{"@id":"https:\/\/zavepower.vendex4.se\/fr\/#\/schema\/logo\/image\/"},"sameAs":["https:\/\/www.facebook.com\/ZavepowerAB","https:\/\/www.instagram.com\/zavepower\/"]}]}},"_links":{"self":[{"href":"https:\/\/zavepower.vendex4.se\/fr\/wp-json\/wp\/v2\/pages\/14028","targetHints":{"allow":["GET"]}}],"collection":[{"href":"https:\/\/zavepower.vendex4.se\/fr\/wp-json\/wp\/v2\/pages"}],"about":[{"href":"https:\/\/zavepower.vendex4.se\/fr\/wp-json\/wp\/v2\/types\/page"}],"author":[{"embeddable":true,"href":"https:\/\/zavepower.vendex4.se\/fr\/wp-json\/wp\/v2\/users\/1"}],"replies":[{"embeddable":true,"href":"https:\/\/zavepower.vendex4.se\/fr\/wp-json\/wp\/v2\/comments?post=14028"}],"version-history":[{"count":0,"href":"https:\/\/zavepower.vendex4.se\/fr\/wp-json\/wp\/v2\/pages\/14028\/revisions"}],"wp:attachment":[{"href":"https:\/\/zavepower.vendex4.se\/fr\/wp-json\/wp\/v2\/media?parent=14028"}],"curies":[{"name":"wp","href":"https:\/\/api.w.org\/{rel}","templated":true}]}}